{"id":453,"date":"2018-03-07T16:38:23","date_gmt":"2018-03-07T15:38:23","guid":{"rendered":"https:\/\/www.hertzog-associates.com\/about\/"},"modified":"2025-02-20T17:49:28","modified_gmt":"2025-02-20T16:49:28","slug":"a-propos-andrew-hertzog","status":"publish","type":"page","link":"https:\/\/www.hertzog-associates.com\/fr\/a-propos-andrew-hertzog\/","title":{"rendered":"\u00c0 propos"},"content":{"rendered":"<p>[et_pb_section fb_built=\u00a0\u00bb1&Prime; _builder_version=\u00a0\u00bb4.16&Prime; background_color=\u00a0\u00bb#415789&Prime; background_image=\u00a0\u00bbhttps:\/\/www.hertzog-associates.com\/wp-content\/uploads\/2018\/03\/JusticeHeader.jpg\u00a0\u00bb custom_margin=\u00a0\u00bb0px||30px|\u00a0\u00bb custom_padding=\u00a0\u00bb30px||30px|\u00a0\u00bb global_colors_info=\u00a0\u00bb{}\u00a0\u00bb][et_pb_row _builder_version=\u00a0\u00bb4.16&Prime; global_colors_info=\u00a0\u00bb{}\u00a0\u00bb][et_pb_column type=\u00a0\u00bb4_4&Prime; _builder_version=\u00a0\u00bb4.16&Prime; custom_padding=\u00a0\u00bb|||\u00a0\u00bb global_colors_info=\u00a0\u00bb{}\u00a0\u00bb custom_padding__hover=\u00a0\u00bb|||\u00a0\u00bb][et_pb_text _builder_version=\u00a0\u00bb4.25.2&Prime; text_font=\u00a0\u00bbPlayfair Display|700|||||||\u00a0\u00bb text_font_size=\u00a0\u00bb40px\u00a0\u00bb text_line_height=\u00a0\u00bb1.8em\u00a0\u00bb background_layout=\u00a0\u00bbdark\u00a0\u00bb text_text_shadow_style=\u00a0\u00bbpreset3&Prime; text_text_shadow_blur_strength=\u00a0\u00bb1em\u00a0\u00bb global_colors_info=\u00a0\u00bb{}\u00a0\u00bb]<\/p>\n<p class=\"p1\" style=\"text-align: center;\"><span class=\"s1\">A PROPOS DE NOUS<\/span><\/p>\n<p>[\/et_pb_text][\/et_pb_column][\/et_pb_row][\/et_pb_section][et_pb_section fb_built=\u00a0\u00bb1&Prime; _builder_version=\u00a0\u00bb4.16&Prime; custom_margin=\u00a0\u00bb0px|||\u00a0\u00bb custom_padding=\u00a0\u00bb0px|||\u00a0\u00bb global_colors_info=\u00a0\u00bb{}\u00a0\u00bb][et_pb_row column_structure=\u00a0\u00bb1_3,2_3&Prime; _builder_version=\u00a0\u00bb4.16&Prime; global_colors_info=\u00a0\u00bb{}\u00a0\u00bb][et_pb_column type=\u00a0\u00bb1_3&Prime; _builder_version=\u00a0\u00bb4.16&Prime; custom_padding=\u00a0\u00bb|||\u00a0\u00bb global_colors_info=\u00a0\u00bb{}\u00a0\u00bb custom_padding__hover=\u00a0\u00bb|||\u00a0\u00bb][et_pb_image src=\u00a0\u00bbhttps:\/\/www.hertzog-associates.com\/wp-content\/uploads\/2018\/03\/AndrewHertzog.jpg\u00a0\u00bb align_tablet=\u00a0\u00bbcenter\u00a0\u00bb align_phone=\u00a0\u00bb\u00a0\u00bb align_last_edited=\u00a0\u00bbon|desktop\u00a0\u00bb _builder_version=\u00a0\u00bb4.16&Prime; always_center_on_mobile=\u00a0\u00bbon\u00a0\u00bb global_colors_info=\u00a0\u00bb{}\u00a0\u00bb][\/et_pb_image][\/et_pb_column][et_pb_column type=\u00a0\u00bb2_3&Prime; _builder_version=\u00a0\u00bb4.16&Prime; custom_padding=\u00a0\u00bb|||\u00a0\u00bb global_colors_info=\u00a0\u00bb{}\u00a0\u00bb custom_padding__hover=\u00a0\u00bb|||\u00a0\u00bb][et_pb_text _builder_version=\u00a0\u00bb4.27.4&Prime; text_font=\u00a0\u00bb|700|||||||\u00a0\u00bb text_font_size=\u00a0\u00bb35px\u00a0\u00bb text_line_height=\u00a0\u00bb1.5em\u00a0\u00bb global_colors_info=\u00a0\u00bb{}\u00a0\u00bb]<\/p>\n<h2>Andrew Hertzog est un avocat qui a plus de 40 ans d&rsquo;exp\u00e9rience dans la repr\u00e9sentation d&rsquo;entreprises et de particuliers.<\/h2>\n<p>[\/et_pb_text][et_pb_text _builder_version=\u00a0\u00bb4.25.2&Prime; global_colors_info=\u00a0\u00bb{}\u00a0\u00bb]<\/p>\n<p>Andrew Hertzog \u00e9tait l&rsquo;associ\u00e9 principal en litige au bureau du centre-ville de Montr\u00e9al d&rsquo;une firme multinationale d&rsquo;avocats avant d&rsquo;ouvrir son propre cabinet \u00e0 Westmount en 2002. Pendant la premi\u00e8re partie de sa carri\u00e8re, Andrew a surtout repr\u00e9sent\u00e9 et prot\u00e9g\u00e9 de grandes entreprises. Aujourd&rsquo;hui, il met son exp\u00e9rience au service des petites et moyennes entreprises et des particuliers, et s&rsquo;attaque souvent aux grandes entreprises en leur nom.<\/p>\n<p>La pratique d&rsquo;Andrew comporte deux volets principaux : le contentieux (litige) et le droit commercial. Le contentieux concerne les litiges qui sont port\u00e9s devant les tribunaux ou qui pourraient l&rsquo;\u00eatre. Une petite entreprise ou un particulier ne doit jamais se sentir impuissant lorsqu&rsquo;il est en conflit avec de grandes et puissantes soci\u00e9t\u00e9s. Andrew met son exp\u00e9rience de la repr\u00e9sentation de ces soci\u00e9t\u00e9s au service des int\u00e9r\u00eats de ses clients et, ces derni\u00e8res ann\u00e9es, il a obtenu des victoires ou des r\u00e8glements pour ses clients, comme indiqu\u00e9 ci-dessus.<\/p>\n<p>Donc, encore une fois, si vous \u00eates poursuivi ou si vous songez \u00e0 intenter une poursuite, ou si vous voulez simplement savoir quels sont vos droits dans une situation particuli\u00e8re, vous devriez communiquer avec Andrew sans tarder au 514-369-2233, poste 23.<\/p>\n<p>En travaillant avec Andrew Hertzog, vous b\u00e9n\u00e9ficiez des services d&rsquo;un avocat exp\u00e9riment\u00e9 du centre-ville \u00e0 un prix raisonnable. Depuis qu&rsquo;il ne fait plus partie d&rsquo;un cabinet d&rsquo;avocats du centre-ville, Andrew a pu maintenir ses honoraires \u00e0 un niveau raisonnable, et ses tarifs sont beaucoup plus bas que ceux des avocats des cabinets du centre-ville ayant une exp\u00e9rience comparable.<\/p>\n<p>Un autre avantage de travailler avec Andrew est qu&rsquo;il prend personnellement en charge votre dossier du d\u00e9but \u00e0 la fin. Contrairement aux grands cabinets d&rsquo;avocats qui d\u00e9l\u00e8guent diverses responsabilit\u00e9s \u00e0 des avocats juniors ou m\u00eame \u00e0 des \u00e9tudiants en droit, dont certains ne comprennent pas la complexit\u00e9 de l\u2019affaire ou les autres t\u00e2ches \u00e0 accomplir, Andrew s&rsquo;occupera personnellement de tous les aspects de votre dossier et vous tiendra inform\u00e9 \u00e0 chaque \u00e9tape.<\/p>\n<p>[\/et_pb_text][\/et_pb_column][\/et_pb_row][\/et_pb_section][et_pb_section fb_built=\u00a0\u00bb1&Prime; _builder_version=\u00a0\u00bb4.22.1&Prime; custom_margin=\u00a0\u00bb||||false|false\u00a0\u00bb global_module=\u00a0\u00bb456&Prime; saved_tabs=\u00a0\u00bball\u00a0\u00bb global_colors_info=\u00a0\u00bb{}\u00a0\u00bb][et_pb_row _builder_version=\u00a0\u00bb4.22.1&Prime; custom_margin=\u00a0\u00bb-30px||||false|false\u00a0\u00bb global_colors_info=\u00a0\u00bb{}\u00a0\u00bb][et_pb_column type=\u00a0\u00bb4_4&Prime; _builder_version=\u00a0\u00bb4.16&Prime; custom_padding=\u00a0\u00bb|||\u00a0\u00bb global_colors_info=\u00a0\u00bb{}\u00a0\u00bb custom_padding__hover=\u00a0\u00bb|||\u00a0\u00bb][et_pb_divider color=\u00a0\u00bb#ecba5f\u00a0\u00bb divider_weight=\u00a0\u00bb4&Prime; _builder_version=\u00a0\u00bb4.16&Prime; max_width=\u00a0\u00bb35%\u00a0\u00bb module_alignment=\u00a0\u00bbcenter\u00a0\u00bb global_colors_info=\u00a0\u00bb{}\u00a0\u00bb][\/et_pb_divider][et_pb_text _builder_version=\u00a0\u00bb4.25.2&Prime; text_text_color=\u00a0\u00bb#415789&Prime; text_orientation=\u00a0\u00bbcenter\u00a0\u00bb custom_margin=\u00a0\u00bb0px||0px|\u00a0\u00bb global_colors_info=\u00a0\u00bb{}\u00a0\u00bb]<\/p>\n<h2>CONTACTEZ-NOUS<\/h2>\n<p><b><a href=\"tel:5143692233\">514-369-2233<\/a> ext. 23\u00a0 \u2022 <a href=\"mailto:ahertzog@hllaw.ca\" target=\"_blank\" rel=\"noopener\">ahertzog@hllaw.ca<\/a><br \/>\n<\/b><span class=\"s2\">T\u00e9l\u00e9copieur : 514-369-4922<\/span><\/p>\n<p>&nbsp;[\/et_pb_text][et_pb_divider color=\u00a0\u00bb#ecba5f\u00a0\u00bb divider_weight=\u00a0\u00bb4&Prime; _builder_version=\u00a0\u00bb4.16&Prime; max_width=\u00a0\u00bb35%\u00a0\u00bb module_alignment=\u00a0\u00bbcenter\u00a0\u00bb global_colors_info=\u00a0\u00bb{}\u00a0\u00bb][\/et_pb_divider][\/et_pb_column][\/et_pb_row][\/et_pb_section]<\/p>\n","protected":false},"excerpt":{"rendered":"<p>A PROPOS DE NOUSAndrew Hertzog est un avocat qui a plus de 40 ans d&rsquo;exp\u00e9rience dans la repr\u00e9sentation d&rsquo;entreprises et de particuliers.Andrew Hertzog \u00e9tait l&rsquo;associ\u00e9 principal en litige au bureau du centre-ville de Montr\u00e9al d&rsquo;une firme multinationale d&rsquo;avocats avant d&rsquo;ouvrir son propre cabinet \u00e0 Westmount en 2002. Pendant la premi\u00e8re partie de sa carri\u00e8re, Andrew [&hellip;]<\/p>\n","protected":false},"author":2,"featured_media":268,"parent":0,"menu_order":0,"comment_status":"closed","ping_status":"closed","template":"","meta":{"_et_pb_use_builder":"on","_et_pb_old_content":"","_et_gb_content_width":"","footnotes":""},"class_list":["post-453","page","type-page","status-publish","has-post-thumbnail","hentry"],"yoast_head":"<!-- This site is optimized with the Yoast SEO plugin v27.4 - https:\/\/yoast.com\/product\/yoast-seo-wordpress\/ -->\n<title>Hertzog &amp; Associ\u00e9s - Entreprises et particuliers<\/title>\n<meta name=\"description\" content=\"Andrew Hertzog est un avocat qui compte plus de 40 ans d&#039;exp\u00e9rience dans la repr\u00e9sentation d&#039;entreprises et de particuliers.\" \/>\n<meta name=\"robots\" content=\"index, follow, max-snippet:-1, max-image-preview:large, max-video-preview:-1\" \/>\n<link rel=\"canonical\" href=\"https:\/\/www.hertzog-associates.com\/fr\/a-propos-andrew-hertzog\/\" \/>\n<meta property=\"og:locale\" content=\"fr_FR\" \/>\n<meta property=\"og:type\" content=\"article\" \/>\n<meta property=\"og:title\" content=\"Hertzog &amp; Associ\u00e9s - Entreprises et particuliers\" \/>\n<meta property=\"og:description\" content=\"Andrew Hertzog est un avocat qui compte plus de 40 ans d&#039;exp\u00e9rience dans la repr\u00e9sentation d&#039;entreprises et de particuliers.\" \/>\n<meta property=\"og:url\" content=\"https:\/\/www.hertzog-associates.com\/fr\/a-propos-andrew-hertzog\/\" \/>\n<meta property=\"og:site_name\" content=\"Hertzog &amp; Associates\" \/>\n<meta property=\"article:modified_time\" content=\"2025-02-20T16:49:28+00:00\" \/>\n<meta property=\"og:image\" content=\"https:\/\/www.hertzog-associates.com\/wp-content\/uploads\/2018\/03\/AndrewHertzog.jpg\" \/>\n\t<meta property=\"og:image:width\" content=\"500\" \/>\n\t<meta property=\"og:image:height\" content=\"750\" \/>\n\t<meta property=\"og:image:type\" content=\"image\/jpeg\" \/>\n<meta name=\"twitter:card\" content=\"summary_large_image\" \/>\n<meta name=\"twitter:label1\" content=\"Dur\u00e9e de lecture estim\u00e9e\" \/>\n\t<meta name=\"twitter:data1\" content=\"2 minutes\" \/>\n<script type=\"application\/ld+json\" class=\"yoast-schema-graph\">{\"@context\":\"https:\\\/\\\/schema.org\",\"@graph\":[{\"@type\":\"WebPage\",\"@id\":\"https:\\\/\\\/www.hertzog-associates.com\\\/fr\\\/a-propos-andrew-hertzog\\\/\",\"url\":\"https:\\\/\\\/www.hertzog-associates.com\\\/fr\\\/a-propos-andrew-hertzog\\\/\",\"name\":\"Hertzog & Associ\u00e9s - Entreprises et particuliers\",\"isPartOf\":{\"@id\":\"https:\\\/\\\/www.hertzog-associates.com\\\/#website\"},\"primaryImageOfPage\":{\"@id\":\"https:\\\/\\\/www.hertzog-associates.com\\\/fr\\\/a-propos-andrew-hertzog\\\/#primaryimage\"},\"image\":{\"@id\":\"https:\\\/\\\/www.hertzog-associates.com\\\/fr\\\/a-propos-andrew-hertzog\\\/#primaryimage\"},\"thumbnailUrl\":\"https:\\\/\\\/www.hertzog-associates.com\\\/wp-content\\\/uploads\\\/2018\\\/03\\\/AndrewHertzog.jpg\",\"datePublished\":\"2018-03-07T15:38:23+00:00\",\"dateModified\":\"2025-02-20T16:49:28+00:00\",\"description\":\"Andrew Hertzog est un avocat qui compte plus de 40 ans d'exp\u00e9rience dans la repr\u00e9sentation d'entreprises et de particuliers.\",\"breadcrumb\":{\"@id\":\"https:\\\/\\\/www.hertzog-associates.com\\\/fr\\\/a-propos-andrew-hertzog\\\/#breadcrumb\"},\"inLanguage\":\"fr-FR\",\"potentialAction\":[{\"@type\":\"ReadAction\",\"target\":[\"https:\\\/\\\/www.hertzog-associates.com\\\/fr\\\/a-propos-andrew-hertzog\\\/\"]}]},{\"@type\":\"ImageObject\",\"inLanguage\":\"fr-FR\",\"@id\":\"https:\\\/\\\/www.hertzog-associates.com\\\/fr\\\/a-propos-andrew-hertzog\\\/#primaryimage\",\"url\":\"https:\\\/\\\/www.hertzog-associates.com\\\/wp-content\\\/uploads\\\/2018\\\/03\\\/AndrewHertzog.jpg\",\"contentUrl\":\"https:\\\/\\\/www.hertzog-associates.com\\\/wp-content\\\/uploads\\\/2018\\\/03\\\/AndrewHertzog.jpg\",\"width\":500,\"height\":750},{\"@type\":\"BreadcrumbList\",\"@id\":\"https:\\\/\\\/www.hertzog-associates.com\\\/fr\\\/a-propos-andrew-hertzog\\\/#breadcrumb\",\"itemListElement\":[{\"@type\":\"ListItem\",\"position\":1,\"name\":\"Accueil\",\"item\":\"https:\\\/\\\/www.hertzog-associates.com\\\/fr\\\/\"},{\"@type\":\"ListItem\",\"position\":2,\"name\":\"\u00c0 propos\"}]},{\"@type\":\"WebSite\",\"@id\":\"https:\\\/\\\/www.hertzog-associates.com\\\/#website\",\"url\":\"https:\\\/\\\/www.hertzog-associates.com\\\/\",\"name\":\"Hertzog &amp; Associates\",\"description\":\"Attorneys\",\"potentialAction\":[{\"@type\":\"SearchAction\",\"target\":{\"@type\":\"EntryPoint\",\"urlTemplate\":\"https:\\\/\\\/www.hertzog-associates.com\\\/?s={search_term_string}\"},\"query-input\":{\"@type\":\"PropertyValueSpecification\",\"valueRequired\":true,\"valueName\":\"search_term_string\"}}],\"inLanguage\":\"fr-FR\"}]}<\/script>\n<!-- \/ Yoast SEO plugin. -->","yoast_head_json":{"title":"Hertzog & Associ\u00e9s - Entreprises et particuliers","description":"Andrew Hertzog est un avocat qui compte plus de 40 ans d'exp\u00e9rience dans la repr\u00e9sentation d'entreprises et de particuliers.","robots":{"index":"index","follow":"follow","max-snippet":"max-snippet:-1","max-image-preview":"max-image-preview:large","max-video-preview":"max-video-preview:-1"},"canonical":"https:\/\/www.hertzog-associates.com\/fr\/a-propos-andrew-hertzog\/","og_locale":"fr_FR","og_type":"article","og_title":"Hertzog & Associ\u00e9s - Entreprises et particuliers","og_description":"Andrew Hertzog est un avocat qui compte plus de 40 ans d'exp\u00e9rience dans la repr\u00e9sentation d'entreprises et de particuliers.","og_url":"https:\/\/www.hertzog-associates.com\/fr\/a-propos-andrew-hertzog\/","og_site_name":"Hertzog &amp; Associates","article_modified_time":"2025-02-20T16:49:28+00:00","og_image":[{"width":500,"height":750,"url":"https:\/\/www.hertzog-associates.com\/wp-content\/uploads\/2018\/03\/AndrewHertzog.jpg","type":"image\/jpeg"}],"twitter_card":"summary_large_image","twitter_misc":{"Dur\u00e9e de lecture estim\u00e9e":"2 minutes"},"schema":{"@context":"https:\/\/schema.org","@graph":[{"@type":"WebPage","@id":"https:\/\/www.hertzog-associates.com\/fr\/a-propos-andrew-hertzog\/","url":"https:\/\/www.hertzog-associates.com\/fr\/a-propos-andrew-hertzog\/","name":"Hertzog & Associ\u00e9s - Entreprises et particuliers","isPartOf":{"@id":"https:\/\/www.hertzog-associates.com\/#website"},"primaryImageOfPage":{"@id":"https:\/\/www.hertzog-associates.com\/fr\/a-propos-andrew-hertzog\/#primaryimage"},"image":{"@id":"https:\/\/www.hertzog-associates.com\/fr\/a-propos-andrew-hertzog\/#primaryimage"},"thumbnailUrl":"https:\/\/www.hertzog-associates.com\/wp-content\/uploads\/2018\/03\/AndrewHertzog.jpg","datePublished":"2018-03-07T15:38:23+00:00","dateModified":"2025-02-20T16:49:28+00:00","description":"Andrew Hertzog est un avocat qui compte plus de 40 ans d'exp\u00e9rience dans la repr\u00e9sentation d'entreprises et de particuliers.","breadcrumb":{"@id":"https:\/\/www.hertzog-associates.com\/fr\/a-propos-andrew-hertzog\/#breadcrumb"},"inLanguage":"fr-FR","potentialAction":[{"@type":"ReadAction","target":["https:\/\/www.hertzog-associates.com\/fr\/a-propos-andrew-hertzog\/"]}]},{"@type":"ImageObject","inLanguage":"fr-FR","@id":"https:\/\/www.hertzog-associates.com\/fr\/a-propos-andrew-hertzog\/#primaryimage","url":"https:\/\/www.hertzog-associates.com\/wp-content\/uploads\/2018\/03\/AndrewHertzog.jpg","contentUrl":"https:\/\/www.hertzog-associates.com\/wp-content\/uploads\/2018\/03\/AndrewHertzog.jpg","width":500,"height":750},{"@type":"BreadcrumbList","@id":"https:\/\/www.hertzog-associates.com\/fr\/a-propos-andrew-hertzog\/#breadcrumb","itemListElement":[{"@type":"ListItem","position":1,"name":"Accueil","item":"https:\/\/www.hertzog-associates.com\/fr\/"},{"@type":"ListItem","position":2,"name":"\u00c0 propos"}]},{"@type":"WebSite","@id":"https:\/\/www.hertzog-associates.com\/#website","url":"https:\/\/www.hertzog-associates.com\/","name":"Hertzog &amp; Associates","description":"Attorneys","potentialAction":[{"@type":"SearchAction","target":{"@type":"EntryPoint","urlTemplate":"https:\/\/www.hertzog-associates.com\/?s={search_term_string}"},"query-input":{"@type":"PropertyValueSpecification","valueRequired":true,"valueName":"search_term_string"}}],"inLanguage":"fr-FR"}]}},"_links":{"self":[{"href":"https:\/\/www.hertzog-associates.com\/fr\/wp-json\/wp\/v2\/pages\/453","targetHints":{"allow":["GET"]}}],"collection":[{"href":"https:\/\/www.hertzog-associates.com\/fr\/wp-json\/wp\/v2\/pages"}],"about":[{"href":"https:\/\/www.hertzog-associates.com\/fr\/wp-json\/wp\/v2\/types\/page"}],"author":[{"embeddable":true,"href":"https:\/\/www.hertzog-associates.com\/fr\/wp-json\/wp\/v2\/users\/2"}],"replies":[{"embeddable":true,"href":"https:\/\/www.hertzog-associates.com\/fr\/wp-json\/wp\/v2\/comments?post=453"}],"version-history":[{"count":6,"href":"https:\/\/www.hertzog-associates.com\/fr\/wp-json\/wp\/v2\/pages\/453\/revisions"}],"predecessor-version":[{"id":589,"href":"https:\/\/www.hertzog-associates.com\/fr\/wp-json\/wp\/v2\/pages\/453\/revisions\/589"}],"wp:featuredmedia":[{"embeddable":true,"href":"https:\/\/www.hertzog-associates.com\/fr\/wp-json\/wp\/v2\/media\/268"}],"wp:attachment":[{"href":"https:\/\/www.hertzog-associates.com\/fr\/wp-json\/wp\/v2\/media?parent=453"}],"curies":[{"name":"wp","href":"https:\/\/api.w.org\/{rel}","templated":true}]}}