{"id":476,"date":"2018-03-07T16:36:23","date_gmt":"2018-03-07T15:36:23","guid":{"rendered":"https:\/\/www.hertzog-associates.com\/contact\/"},"modified":"2025-02-20T17:51:03","modified_gmt":"2025-02-20T16:51:03","slug":"contact","status":"publish","type":"page","link":"https:\/\/www.hertzog-associates.com\/fr\/contact\/","title":{"rendered":"Contact"},"content":{"rendered":"<p>[et_pb_section fb_built=\u00a0\u00bb1&Prime; _builder_version=\u00a0\u00bb4.16&Prime; background_color=\u00a0\u00bb#415789&Prime; background_image=\u00a0\u00bbhttps:\/\/www.hertzog-associates.com\/wp-content\/uploads\/2018\/03\/JusticeHeader.jpg\u00a0\u00bb custom_margin=\u00a0\u00bb0px||30px|\u00a0\u00bb custom_padding=\u00a0\u00bb30px||30px|\u00a0\u00bb global_colors_info=\u00a0\u00bb{}\u00a0\u00bb][et_pb_row _builder_version=\u00a0\u00bb4.16&Prime; background_size=\u00a0\u00bbinitial\u00a0\u00bb background_position=\u00a0\u00bbtop_left\u00a0\u00bb background_repeat=\u00a0\u00bbrepeat\u00a0\u00bb global_colors_info=\u00a0\u00bb{}\u00a0\u00bb][et_pb_column type=\u00a0\u00bb4_4&Prime; _builder_version=\u00a0\u00bb4.16&Prime; custom_padding=\u00a0\u00bb|||\u00a0\u00bb global_colors_info=\u00a0\u00bb{}\u00a0\u00bb custom_padding__hover=\u00a0\u00bb|||\u00a0\u00bb][et_pb_text _builder_version=\u00a0\u00bb4.25.2&Prime; text_font=\u00a0\u00bbCrimson Text|600|||||||\u00a0\u00bb text_font_size=\u00a0\u00bb45px\u00a0\u00bb text_line_height=\u00a0\u00bb1em\u00a0\u00bb link_text_color=\u00a0\u00bb#ffffff\u00a0\u00bb text_orientation=\u00a0\u00bbcenter\u00a0\u00bb background_layout=\u00a0\u00bbdark\u00a0\u00bb hover_enabled=\u00a0\u00bb0&Prime; text_text_shadow_style=\u00a0\u00bbpreset3&Prime; text_text_shadow_blur_strength=\u00a0\u00bb1em\u00a0\u00bb global_colors_info=\u00a0\u00bb{}\u00a0\u00bb sticky_enabled=\u00a0\u00bb0&Prime;]CONTACTEZ-NOUS : <a href=\"tel:5143692233\">514-369-2233<\/a> poste 23[\/et_pb_text][\/et_pb_column][\/et_pb_row][\/et_pb_section][et_pb_section fb_built=\u00a0\u00bb1&Prime; _builder_version=\u00a0\u00bb4.16&Prime; global_colors_info=\u00a0\u00bb{}\u00a0\u00bb][et_pb_row column_structure=\u00a0\u00bb1_3,2_3&Prime; make_equal=\u00a0\u00bbon\u00a0\u00bb _builder_version=\u00a0\u00bb4.16&Prime; background_size=\u00a0\u00bbinitial\u00a0\u00bb background_position=\u00a0\u00bbtop_left\u00a0\u00bb background_repeat=\u00a0\u00bbrepeat\u00a0\u00bb global_colors_info=\u00a0\u00bb{}\u00a0\u00bb][et_pb_column type=\u00a0\u00bb1_3&Prime; _builder_version=\u00a0\u00bb4.16&Prime; custom_padding=\u00a0\u00bb|||\u00a0\u00bb global_colors_info=\u00a0\u00bb{}\u00a0\u00bb custom_padding__hover=\u00a0\u00bb|||\u00a0\u00bb][et_pb_text _builder_version=\u00a0\u00bb4.27.0&Prime; global_colors_info=\u00a0\u00bb{}\u00a0\u00bb]<\/p>\n<h2>Hertzog &amp; Associ\u00e9s<\/h2>\n<p>Ma\u00eetre Andrew Hertzog<br \/><strong><a href=\"tel:5143692233\">514-369-2233<\/a> poste 23<\/strong><br \/>Courriel: <a href=\"mailto:ahertzog@hllaw.ca\" target=\"_blank\" rel=\"noopener\"><strong>ahertzog@hllaw.ca<\/strong><br \/><\/a>Fax:\u00a0514-369-4922<\/p>\n<p>Responsable de la protection des renseignements personnels :<br \/>Anik Isabelle<br \/>Courriel: <strong><a class=\"c-link\" href=\"mailto:aisabelle@hllaw.ca\" target=\"_blank\" rel=\"noopener noreferrer\" data-stringify-link=\"mailto:aisabelle@hllaw.ca\" data-sk=\"tooltip_parent\" aria-haspopup=\"menu\" aria-expanded=\"false\">aisabelle@hllaw.ca<\/a><\/strong><\/p>\n<p><a href=\"https:\/\/www.hertzog-associates.com\/fr\/politique-de-renseignements-personnels\/\"><strong>Politique en mati\u00e8re de renseignements personnels<\/strong><\/a><\/p>\n<p>&nbsp;<\/p>\n<h3>Bureau de l&rsquo;Ouest de l&rsquo;\u00eele<\/h3>\n<p><a href=\"https:\/\/www.google.ca\/maps\/place\/16102+Rue+Cayou,+Pierrefonds,+QC+H9H+4Y7\/@45.4707232,-73.8687763,17z\/data=!3m1!4b1!4m5!3m4!1s0x4cc93bbd171cdceb:0x61889f548bbbcc42!8m2!3d45.4707195!4d-73.8665823\" target=\"_blank\" rel=\"noopener\">16102 Cayou<br \/>Pierrefonds, Qu\u00e9bec\u00a0 H9H 4W8<\/a><\/p>\n<p>&nbsp;<\/p>\n<p>Consultations uniquement sur rendez-vous.<\/p>\n<p>[\/et_pb_text][\/et_pb_column][et_pb_column type=\u00a0\u00bb2_3&Prime; _builder_version=\u00a0\u00bb4.16&Prime; background_color=\u00a0\u00bb#415789&Prime; custom_padding=\u00a0\u00bb30px|||\u00a0\u00bb global_colors_info=\u00a0\u00bb{}\u00a0\u00bb custom_padding__hover=\u00a0\u00bb|||\u00a0\u00bb][et_pb_text _builder_version=\u00a0\u00bb4.25.2&Prime; link_text_color=\u00a0\u00bb#ecba5f\u00a0\u00bb background_layout=\u00a0\u00bbdark\u00a0\u00bb custom_padding=\u00a0\u00bb25px|||\u00a0\u00bb hover_enabled=\u00a0\u00bb0&Prime; global_colors_info=\u00a0\u00bb{}\u00a0\u00bb sticky_enabled=\u00a0\u00bb0&Prime;]<\/p>\n<h2 style=\"text-align: center;\">Liens utiles<\/h2>\n<p class=\"p1\" style=\"text-align: center;\"><strong><span class=\"s1\"><br \/>Barreau du Qu\u00e9bec<br \/><\/span><\/strong><span class=\"s2\"><a href=\"http:\/\/www.barreau.qc.ca\/\" target=\"_blank\" rel=\"noopener\">http:\/\/www.barreau.qc.ca\/<\/a><\/span><\/p>\n<p class=\"p1\" style=\"text-align: center;\"><span class=\"s1\">\u00a0<\/span><strong><span class=\"s1\">Minist\u00e8re de la Justice<br \/><\/span><\/strong><span class=\"s2\"><a href=\"https:\/\/www.quebec.ca\/justice-et-etat-civil\" target=\"_blank\" rel=\"noopener\">hhttps:\/\/www.quebec.ca\/justice-et-etat-civil<\/a><\/span><\/p>\n<p class=\"p1\" style=\"text-align: center;\"><span class=\"s1\">\u00a0<\/span><strong><span class=\"s1\"> Cour des petites cr\u00e9ances<br \/><\/span><\/strong><span class=\"s2\"><a href=\"https:\/\/www.quebec.ca\/justice-et-etat-civil\/petites-creances\" target=\"_blank\" rel=\"noopener\">https:\/\/www.quebec.ca\/justice-et-etat-civil\/petites-creances<\/a><\/span><\/p>\n<p class=\"p1\" style=\"text-align: center;\"><strong>Tribunal administratif du logementt<\/strong><br \/><span class=\"s2\"><a href=\"https:\/\/www.tal.gouv.qc.ca\/fr\/ \" target=\"_blank\" rel=\"noopener\">https:\/\/www.tal.gouv.qc.ca\/fr\/ <\/a><\/span><\/p>\n<p class=\"p1\" style=\"text-align: center;\"><span class=\"s1\">\u00a0<\/span><strong><span class=\"s1\"> \u00c9ducaloi (Informations g\u00e9n\u00e9rales sur les droits l\u00e9gaux)<br \/><\/span><\/strong><span class=\"s2\"><a href=\"https:\/\/www.educaloi.qc.ca\/\" target=\"_blank\" rel=\"noopener\">https:\/\/www.educaloi.qc.ca\/<\/a><\/span><\/p>\n<p>[\/et_pb_text][\/et_pb_column][\/et_pb_row][\/et_pb_section][et_pb_section fb_built=\u00a0\u00bb1&Prime; _builder_version=\u00a0\u00bb4.16&Prime; custom_margin=\u00a0\u00bb-50px|||\u00a0\u00bb global_colors_info=\u00a0\u00bb{}\u00a0\u00bb][et_pb_row column_structure=\u00a0\u00bb1_4,1_2,1_4&Prime; _builder_version=\u00a0\u00bb4.16&Prime; background_size=\u00a0\u00bbinitial\u00a0\u00bb background_position=\u00a0\u00bbtop_left\u00a0\u00bb background_repeat=\u00a0\u00bbrepeat\u00a0\u00bb global_colors_info=\u00a0\u00bb{}\u00a0\u00bb][et_pb_column type=\u00a0\u00bb1_4&Prime; _builder_version=\u00a0\u00bb4.16&Prime; custom_padding=\u00a0\u00bb|||\u00a0\u00bb global_colors_info=\u00a0\u00bb{}\u00a0\u00bb custom_padding__hover=\u00a0\u00bb|||\u00a0\u00bb][\/et_pb_column][et_pb_column type=\u00a0\u00bb1_2&Prime; _builder_version=\u00a0\u00bb4.16&Prime; custom_padding=\u00a0\u00bb|||\u00a0\u00bb global_colors_info=\u00a0\u00bb{}\u00a0\u00bb custom_padding__hover=\u00a0\u00bb|||\u00a0\u00bb][et_pb_image src=\u00a0\u00bbhttps:\/\/www.hertzog-associates.com\/wp-content\/uploads\/2024\/08\/HertzogAssocies-e1723493348102.jpg\u00a0\u00bb title_text=\u00a0\u00bbHertzogAssocies\u00a0\u00bb align_tablet=\u00a0\u00bbcenter\u00a0\u00bb align_phone=\u00a0\u00bbcenter\u00a0\u00bb align_last_edited=\u00a0\u00bbon|desktop\u00a0\u00bb _builder_version=\u00a0\u00bb4.27.0&Prime; always_center_on_mobile=\u00a0\u00bbon\u00a0\u00bb global_colors_info=\u00a0\u00bb{}\u00a0\u00bb][\/et_pb_image][\/et_pb_column][et_pb_column type=\u00a0\u00bb1_4&Prime; _builder_version=\u00a0\u00bb4.16&Prime; custom_padding=\u00a0\u00bb|||\u00a0\u00bb global_colors_info=\u00a0\u00bb{}\u00a0\u00bb custom_padding__hover=\u00a0\u00bb|||\u00a0\u00bb][\/et_pb_column][\/et_pb_row][\/et_pb_section]<\/p>\n","protected":false},"excerpt":{"rendered":"<p>CONTACTEZ-NOUS : 514-369-2233 poste 23Hertzog &amp; Associ\u00e9s Ma\u00eetre Andrew Hertzog514-369-2233 poste 23Courriel: ahertzog@hllaw.caFax:\u00a0514-369-4922 Responsable de la protection des renseignements personnels :Anik IsabelleCourriel: aisabelle@hllaw.ca Politique en mati\u00e8re de renseignements personnels &nbsp; Bureau de l&rsquo;Ouest de l&rsquo;\u00eele 16102 CayouPierrefonds, Qu\u00e9bec\u00a0 H9H 4W8 &nbsp; Consultations uniquement sur rendez-vous.Liens utiles Barreau du Qu\u00e9bechttp:\/\/www.barreau.qc.ca\/ \u00a0Minist\u00e8re de la Justicehhttps:\/\/www.quebec.ca\/justice-et-etat-civil \u00a0 Cour [&hellip;]<\/p>\n","protected":false},"author":2,"featured_media":268,"parent":0,"menu_order":0,"comment_status":"closed","ping_status":"closed","template":"","meta":{"_et_pb_use_builder":"on","_et_pb_old_content":"","_et_gb_content_width":"","footnotes":""},"class_list":["post-476","page","type-page","status-publish","has-post-thumbnail","hentry"],"yoast_head":"<!-- This site is optimized with the Yoast SEO plugin v27.4 - https:\/\/yoast.com\/product\/yoast-seo-wordpress\/ -->\n<title>Hertzog &amp; Associ\u00e9s - Nous joindre<\/title>\n<meta name=\"description\" content=\"Andrew Hertzog est un avocat qui compte plus de 40 ans d&#039;exp\u00e9rience dans la repr\u00e9sentation d&#039;entreprises et de particuliers.\" \/>\n<meta name=\"robots\" content=\"index, follow, max-snippet:-1, max-image-preview:large, max-video-preview:-1\" \/>\n<link rel=\"canonical\" href=\"https:\/\/www.hertzog-associates.com\/fr\/contact\/\" \/>\n<meta property=\"og:locale\" content=\"fr_FR\" \/>\n<meta property=\"og:type\" content=\"article\" \/>\n<meta property=\"og:title\" content=\"Hertzog &amp; Associ\u00e9s - Nous joindre\" \/>\n<meta property=\"og:description\" content=\"Andrew Hertzog est un avocat qui compte plus de 40 ans d&#039;exp\u00e9rience dans la repr\u00e9sentation d&#039;entreprises et de particuliers.\" \/>\n<meta property=\"og:url\" content=\"https:\/\/www.hertzog-associates.com\/fr\/contact\/\" \/>\n<meta property=\"og:site_name\" content=\"Hertzog &amp; Associates\" \/>\n<meta property=\"article:modified_time\" content=\"2025-02-20T16:51:03+00:00\" \/>\n<meta property=\"og:image\" content=\"https:\/\/www.hertzog-associates.com\/wp-content\/uploads\/2018\/03\/AndrewHertzog.jpg\" \/>\n\t<meta property=\"og:image:width\" content=\"500\" \/>\n\t<meta property=\"og:image:height\" content=\"750\" \/>\n\t<meta property=\"og:image:type\" content=\"image\/jpeg\" \/>\n<meta name=\"twitter:card\" content=\"summary_large_image\" \/>\n<meta name=\"twitter:label1\" content=\"Dur\u00e9e de lecture estim\u00e9e\" \/>\n\t<meta name=\"twitter:data1\" content=\"1 minute\" \/>\n<script type=\"application\/ld+json\" class=\"yoast-schema-graph\">{\"@context\":\"https:\\\/\\\/schema.org\",\"@graph\":[{\"@type\":\"WebPage\",\"@id\":\"https:\\\/\\\/www.hertzog-associates.com\\\/fr\\\/contact\\\/\",\"url\":\"https:\\\/\\\/www.hertzog-associates.com\\\/fr\\\/contact\\\/\",\"name\":\"Hertzog & Associ\u00e9s - Nous joindre\",\"isPartOf\":{\"@id\":\"https:\\\/\\\/www.hertzog-associates.com\\\/#website\"},\"primaryImageOfPage\":{\"@id\":\"https:\\\/\\\/www.hertzog-associates.com\\\/fr\\\/contact\\\/#primaryimage\"},\"image\":{\"@id\":\"https:\\\/\\\/www.hertzog-associates.com\\\/fr\\\/contact\\\/#primaryimage\"},\"thumbnailUrl\":\"https:\\\/\\\/www.hertzog-associates.com\\\/wp-content\\\/uploads\\\/2018\\\/03\\\/AndrewHertzog.jpg\",\"datePublished\":\"2018-03-07T15:36:23+00:00\",\"dateModified\":\"2025-02-20T16:51:03+00:00\",\"description\":\"Andrew Hertzog est un avocat qui compte plus de 40 ans d'exp\u00e9rience dans la repr\u00e9sentation d'entreprises et de particuliers.\",\"breadcrumb\":{\"@id\":\"https:\\\/\\\/www.hertzog-associates.com\\\/fr\\\/contact\\\/#breadcrumb\"},\"inLanguage\":\"fr-FR\",\"potentialAction\":[{\"@type\":\"ReadAction\",\"target\":[\"https:\\\/\\\/www.hertzog-associates.com\\\/fr\\\/contact\\\/\"]}]},{\"@type\":\"ImageObject\",\"inLanguage\":\"fr-FR\",\"@id\":\"https:\\\/\\\/www.hertzog-associates.com\\\/fr\\\/contact\\\/#primaryimage\",\"url\":\"https:\\\/\\\/www.hertzog-associates.com\\\/wp-content\\\/uploads\\\/2018\\\/03\\\/AndrewHertzog.jpg\",\"contentUrl\":\"https:\\\/\\\/www.hertzog-associates.com\\\/wp-content\\\/uploads\\\/2018\\\/03\\\/AndrewHertzog.jpg\",\"width\":500,\"height\":750},{\"@type\":\"BreadcrumbList\",\"@id\":\"https:\\\/\\\/www.hertzog-associates.com\\\/fr\\\/contact\\\/#breadcrumb\",\"itemListElement\":[{\"@type\":\"ListItem\",\"position\":1,\"name\":\"Accueil\",\"item\":\"https:\\\/\\\/www.hertzog-associates.com\\\/fr\\\/\"},{\"@type\":\"ListItem\",\"position\":2,\"name\":\"Contact\"}]},{\"@type\":\"WebSite\",\"@id\":\"https:\\\/\\\/www.hertzog-associates.com\\\/#website\",\"url\":\"https:\\\/\\\/www.hertzog-associates.com\\\/\",\"name\":\"Hertzog &amp; Associates\",\"description\":\"Attorneys\",\"potentialAction\":[{\"@type\":\"SearchAction\",\"target\":{\"@type\":\"EntryPoint\",\"urlTemplate\":\"https:\\\/\\\/www.hertzog-associates.com\\\/?s={search_term_string}\"},\"query-input\":{\"@type\":\"PropertyValueSpecification\",\"valueRequired\":true,\"valueName\":\"search_term_string\"}}],\"inLanguage\":\"fr-FR\"}]}<\/script>\n<!-- \/ Yoast SEO plugin. -->","yoast_head_json":{"title":"Hertzog & Associ\u00e9s - Nous joindre","description":"Andrew Hertzog est un avocat qui compte plus de 40 ans d'exp\u00e9rience dans la repr\u00e9sentation d'entreprises et de particuliers.","robots":{"index":"index","follow":"follow","max-snippet":"max-snippet:-1","max-image-preview":"max-image-preview:large","max-video-preview":"max-video-preview:-1"},"canonical":"https:\/\/www.hertzog-associates.com\/fr\/contact\/","og_locale":"fr_FR","og_type":"article","og_title":"Hertzog & Associ\u00e9s - Nous joindre","og_description":"Andrew Hertzog est un avocat qui compte plus de 40 ans d'exp\u00e9rience dans la repr\u00e9sentation d'entreprises et de particuliers.","og_url":"https:\/\/www.hertzog-associates.com\/fr\/contact\/","og_site_name":"Hertzog &amp; Associates","article_modified_time":"2025-02-20T16:51:03+00:00","og_image":[{"width":500,"height":750,"url":"https:\/\/www.hertzog-associates.com\/wp-content\/uploads\/2018\/03\/AndrewHertzog.jpg","type":"image\/jpeg"}],"twitter_card":"summary_large_image","twitter_misc":{"Dur\u00e9e de lecture estim\u00e9e":"1 minute"},"schema":{"@context":"https:\/\/schema.org","@graph":[{"@type":"WebPage","@id":"https:\/\/www.hertzog-associates.com\/fr\/contact\/","url":"https:\/\/www.hertzog-associates.com\/fr\/contact\/","name":"Hertzog & Associ\u00e9s - Nous joindre","isPartOf":{"@id":"https:\/\/www.hertzog-associates.com\/#website"},"primaryImageOfPage":{"@id":"https:\/\/www.hertzog-associates.com\/fr\/contact\/#primaryimage"},"image":{"@id":"https:\/\/www.hertzog-associates.com\/fr\/contact\/#primaryimage"},"thumbnailUrl":"https:\/\/www.hertzog-associates.com\/wp-content\/uploads\/2018\/03\/AndrewHertzog.jpg","datePublished":"2018-03-07T15:36:23+00:00","dateModified":"2025-02-20T16:51:03+00:00","description":"Andrew Hertzog est un avocat qui compte plus de 40 ans d'exp\u00e9rience dans la repr\u00e9sentation d'entreprises et de particuliers.","breadcrumb":{"@id":"https:\/\/www.hertzog-associates.com\/fr\/contact\/#breadcrumb"},"inLanguage":"fr-FR","potentialAction":[{"@type":"ReadAction","target":["https:\/\/www.hertzog-associates.com\/fr\/contact\/"]}]},{"@type":"ImageObject","inLanguage":"fr-FR","@id":"https:\/\/www.hertzog-associates.com\/fr\/contact\/#primaryimage","url":"https:\/\/www.hertzog-associates.com\/wp-content\/uploads\/2018\/03\/AndrewHertzog.jpg","contentUrl":"https:\/\/www.hertzog-associates.com\/wp-content\/uploads\/2018\/03\/AndrewHertzog.jpg","width":500,"height":750},{"@type":"BreadcrumbList","@id":"https:\/\/www.hertzog-associates.com\/fr\/contact\/#breadcrumb","itemListElement":[{"@type":"ListItem","position":1,"name":"Accueil","item":"https:\/\/www.hertzog-associates.com\/fr\/"},{"@type":"ListItem","position":2,"name":"Contact"}]},{"@type":"WebSite","@id":"https:\/\/www.hertzog-associates.com\/#website","url":"https:\/\/www.hertzog-associates.com\/","name":"Hertzog &amp; Associates","description":"Attorneys","potentialAction":[{"@type":"SearchAction","target":{"@type":"EntryPoint","urlTemplate":"https:\/\/www.hertzog-associates.com\/?s={search_term_string}"},"query-input":{"@type":"PropertyValueSpecification","valueRequired":true,"valueName":"search_term_string"}}],"inLanguage":"fr-FR"}]}},"_links":{"self":[{"href":"https:\/\/www.hertzog-associates.com\/fr\/wp-json\/wp\/v2\/pages\/476","targetHints":{"allow":["GET"]}}],"collection":[{"href":"https:\/\/www.hertzog-associates.com\/fr\/wp-json\/wp\/v2\/pages"}],"about":[{"href":"https:\/\/www.hertzog-associates.com\/fr\/wp-json\/wp\/v2\/types\/page"}],"author":[{"embeddable":true,"href":"https:\/\/www.hertzog-associates.com\/fr\/wp-json\/wp\/v2\/users\/2"}],"replies":[{"embeddable":true,"href":"https:\/\/www.hertzog-associates.com\/fr\/wp-json\/wp\/v2\/comments?post=476"}],"version-history":[{"count":7,"href":"https:\/\/www.hertzog-associates.com\/fr\/wp-json\/wp\/v2\/pages\/476\/revisions"}],"predecessor-version":[{"id":593,"href":"https:\/\/www.hertzog-associates.com\/fr\/wp-json\/wp\/v2\/pages\/476\/revisions\/593"}],"wp:featuredmedia":[{"embeddable":true,"href":"https:\/\/www.hertzog-associates.com\/fr\/wp-json\/wp\/v2\/media\/268"}],"wp:attachment":[{"href":"https:\/\/www.hertzog-associates.com\/fr\/wp-json\/wp\/v2\/media?parent=476"}],"curies":[{"name":"wp","href":"https:\/\/api.w.org\/{rel}","templated":true}]}}