{"id":491,"date":"2023-09-22T17:17:05","date_gmt":"2023-09-22T15:17:05","guid":{"rendered":"https:\/\/www.hertzog-associates.com\/personal-information-policy\/"},"modified":"2025-02-20T17:58:38","modified_gmt":"2025-02-20T16:58:38","slug":"politique-de-renseignements-personnels","status":"publish","type":"page","link":"https:\/\/www.hertzog-associates.com\/fr\/politique-de-renseignements-personnels\/","title":{"rendered":"Politique de renseignements personnels"},"content":{"rendered":"<p>[et_pb_section fb_built=\u00a0\u00bb1&Prime; _builder_version=\u00a0\u00bb4.16&Prime; background_color=\u00a0\u00bb#415789&Prime; background_image=\u00a0\u00bbhttps:\/\/www.hertzog-associates.com\/wp-content\/uploads\/2018\/03\/JusticeHeader.jpg\u00a0\u00bb custom_margin=\u00a0\u00bb0px||30px|\u00a0\u00bb custom_padding=\u00a0\u00bb30px||30px|\u00a0\u00bb global_colors_info=\u00a0\u00bb{}\u00a0\u00bb][et_pb_row _builder_version=\u00a0\u00bb4.16&Prime; global_colors_info=\u00a0\u00bb{}\u00a0\u00bb][et_pb_column type=\u00a0\u00bb4_4&Prime; _builder_version=\u00a0\u00bb4.16&Prime; custom_padding=\u00a0\u00bb|||\u00a0\u00bb global_colors_info=\u00a0\u00bb{}\u00a0\u00bb custom_padding__hover=\u00a0\u00bb|||\u00a0\u00bb][et_pb_text _builder_version=\u00a0\u00bb4.27.0&Prime; text_font=\u00a0\u00bbPlayfair Display|700|||||||\u00a0\u00bb text_font_size=\u00a0\u00bb40px\u00a0\u00bb text_line_height=\u00a0\u00bb1.8em\u00a0\u00bb background_layout=\u00a0\u00bbdark\u00a0\u00bb text_text_shadow_style=\u00a0\u00bbpreset3&Prime; text_text_shadow_blur_strength=\u00a0\u00bb1em\u00a0\u00bb global_colors_info=\u00a0\u00bb{}\u00a0\u00bb]<\/p>\n<p class=\"p1\" style=\"text-align: center;\">POLITIQUE DE RENSEIGNEMENTS PERSONNELS<\/p>\n<p>[\/et_pb_text][\/et_pb_column][\/et_pb_row][\/et_pb_section][et_pb_section fb_built=\u00a0\u00bb1&Prime; _builder_version=\u00a0\u00bb4.16&Prime; custom_margin=\u00a0\u00bb0px|||\u00a0\u00bb custom_padding=\u00a0\u00bb0px|||\u00a0\u00bb global_colors_info=\u00a0\u00bb{}\u00a0\u00bb][et_pb_row _builder_version=\u00a0\u00bb4.16&Prime; global_colors_info=\u00a0\u00bb{}\u00a0\u00bb][et_pb_column type=\u00a0\u00bb4_4&Prime; _builder_version=\u00a0\u00bb4.16&Prime; custom_padding=\u00a0\u00bb|||\u00a0\u00bb global_colors_info=\u00a0\u00bb{}\u00a0\u00bb custom_padding__hover=\u00a0\u00bb|||\u00a0\u00bb][et_pb_text _builder_version=\u00a0\u00bb4.27.0&Prime; global_colors_info=\u00a0\u00bb{}\u00a0\u00bb]Notre officier de la protection des Renseignements Personnels, ANIK ISABELLE, est responsable de la protection de tous les Renseignements Personnels que nous recueillons et de l&rsquo;application de notre politique sur les Renseignements Personnels. Vous pouvez adresser toute demande de renseignements, requ\u00eate ou plainte concernant la protection ou l&rsquo;utilisation de vos Renseignements Personnels \u00e0 Mme Isabelle au 16 102 Cayou, Pierrefonds (Qu\u00e9bec) H9H 4W8 ou par courriel \u00e0 <a href=\"mailto:aisabelle@hllaw.ca\">aisabelle@hllaw.ca<\/a>.<\/p>\n<p>Les Renseignements Personnels ne sont recueillis qu&rsquo;avec le consentement des personnes concern\u00e9es et ne sont utilis\u00e9s qu&rsquo;aux fins pour lesquelles ils ont \u00e9t\u00e9 fournis et non \u00e0 des fins secondaires.<\/p>\n<p>Les Renseignements Personnels qui nous sont communiqu\u00e9s seront conserv\u00e9s dans un environnement s\u00e9curitaire, et seul le personnel autoris\u00e9 y aura acc\u00e8s, et ce, uniquement aux fins pour lesquelles ils ont \u00e9t\u00e9 fournis.<\/p>\n<p>Nous prendrons des mesures raisonnables pour prot\u00e9ger les Renseignements Personnels contre la perte, le vol, l&rsquo;acc\u00e8s non autoris\u00e9, la divulgation, la copie et toute autre atteinte \u00e0 la s\u00e9curit\u00e9.<\/p>\n<p>Les Renseignements Personnels ne seront pas partag\u00e9s ou transmis \u00e0 des tiers sans le consentement de la personne qui les a fournis ou sans que la loi ne l&rsquo;exige.<\/p>\n<p>Nous ne louons pas, ne vendons pas et n&rsquo;\u00e9changeons pas les Renseignements Personnels que vous nous fournissez.<\/p>\n<p>Nous ferons des efforts raisonnables pour vous informer de toute demande d&rsquo;acc\u00e8s \u00e0 vos Renseignements Personnels \u00e9manant d&rsquo;un tiers.<\/p>\n<p>Vous pouvez \u00e0 tout moment retirer votre consentement pour la conservation de vos Renseignements Personnels en nous le notifiant par \u00e9crit aux coordonn\u00e9es indiqu\u00e9es ci-dessus. Vous pouvez nous demander de les supprimer ou de vous les retourner.<\/p>\n<p>Nous ne conserverons les Renseignements Personnels qu&rsquo;aussi longtemps que n\u00e9cessaire pour atteindre les objectifs pour lesquels elles nous ont \u00e9t\u00e9 communiqu\u00e9es ou comme l&rsquo;exige la loi.[\/et_pb_text][\/et_pb_column][\/et_pb_row][\/et_pb_section][et_pb_section fb_built=\u00a0\u00bb1&Prime; _builder_version=\u00a0\u00bb4.16&Prime; global_colors_info=\u00a0\u00bb{}\u00a0\u00bb][et_pb_row _builder_version=\u00a0\u00bb4.16&Prime; background_size=\u00a0\u00bbinitial\u00a0\u00bb background_position=\u00a0\u00bbtop_left\u00a0\u00bb background_repeat=\u00a0\u00bbrepeat\u00a0\u00bb global_colors_info=\u00a0\u00bb{}\u00a0\u00bb][et_pb_column type=\u00a0\u00bb4_4&Prime; _builder_version=\u00a0\u00bb4.16&Prime; custom_padding=\u00a0\u00bb|||\u00a0\u00bb global_colors_info=\u00a0\u00bb{}\u00a0\u00bb custom_padding__hover=\u00a0\u00bb|||\u00a0\u00bb][et_pb_text _builder_version=\u00a0\u00bb4.25.2&Prime; text_text_color=\u00a0\u00bb#415789&Prime; text_orientation=\u00a0\u00bbcenter\u00a0\u00bb custom_margin=\u00a0\u00bb0px||0px|\u00a0\u00bb global_colors_info=\u00a0\u00bb{}\u00a0\u00bb]<\/p>\n<h2>CONTACTEZ-NOUS<\/h2>\n<p><b><a href=\"tel:5143692233\"> 514-369-2233<\/a> ext. 23\u00a0 \u2022<span class=\"Apple-converted-space\">\u00a0 <\/span><a href=\"mailto:ahertzog@hllaw.ca\" target=\"_blank\" rel=\"noopener noreferrer\">ahertzog@hllaw.ca<\/a><br \/>\n<\/b>T\u00e9l\u00e9copieur : 514-369-4922<\/p>\n<p>&nbsp;[\/et_pb_text][et_pb_divider show_divider=\u00a0\u00bboff\u00a0\u00bb _builder_version=\u00a0\u00bb4.16&Prime; max_width=\u00a0\u00bb35%\u00a0\u00bb module_alignment=\u00a0\u00bbcenter\u00a0\u00bb global_colors_info=\u00a0\u00bb{}\u00a0\u00bb][\/et_pb_divider][et_pb_text disabled_on=\u00a0\u00bbon|off|off\u00a0\u00bb _builder_version=\u00a0\u00bb4.25.2&Prime; text_font_size=\u00a0\u00bb12px\u00a0\u00bb text_line_height=\u00a0\u00bb1.5em\u00a0\u00bb global_colors_info=\u00a0\u00bb{}\u00a0\u00bb]<\/p>\n<p class=\"p1\" style=\"text-align: center;\"><span class=\"s1\">Veuillez ne pas appeler pour les services suivants : Droit de la famille &#8211; Probl\u00e8mes de baux r\u00e9sidentiels (Tribunal administratif du logement) &#8211; Droit p\u00e9nal &#8211; Droit de l&rsquo;immigration &#8211; Droit fiscal &#8211; Petites cr\u00e9ances (moins de 15 000 $) &#8211; Accidents de la route<\/span><\/p>\n<p class=\"p1\" style=\"text-align: center;\"><span class=\"s1\">Nous n&rsquo;acceptons pas les mandats d&rsquo;aide juridique.<\/span><\/p>\n<p>[\/et_pb_text][\/et_pb_column][\/et_pb_row][\/et_pb_section]<\/p>\n","protected":false},"excerpt":{"rendered":"<p>POLITIQUE DE RENSEIGNEMENTS PERSONNELSNotre officier de la protection des Renseignements Personnels, ANIK ISABELLE, est responsable de la protection de tous les Renseignements Personnels que nous recueillons et de l&rsquo;application de notre politique sur les Renseignements Personnels. Vous pouvez adresser toute demande de renseignements, requ\u00eate ou plainte concernant la protection ou l&rsquo;utilisation de vos Renseignements Personnels [&hellip;]<\/p>\n","protected":false},"author":2,"featured_media":0,"parent":0,"menu_order":0,"comment_status":"closed","ping_status":"closed","template":"","meta":{"_et_pb_use_builder":"on","_et_pb_old_content":"","_et_gb_content_width":"","footnotes":""},"class_list":["post-491","page","type-page","status-publish","hentry"],"yoast_head":"<!-- This site is optimized with the Yoast SEO plugin v27.4 - https:\/\/yoast.com\/product\/yoast-seo-wordpress\/ -->\n<title>Politique de renseignements personnels<\/title>\n<meta name=\"robots\" content=\"noindex, nofollow\" \/>\n<meta property=\"og:locale\" content=\"fr_FR\" \/>\n<meta property=\"og:type\" content=\"article\" \/>\n<meta property=\"og:title\" content=\"Politique de renseignements personnels\" \/>\n<meta property=\"og:description\" content=\"POLITIQUE DE RENSEIGNEMENTS PERSONNELSNotre officier de la protection des Renseignements Personnels, ANIK ISABELLE, est responsable de la protection de tous les Renseignements Personnels que nous recueillons et de l&#039;application de notre politique sur les Renseignements Personnels. Vous pouvez adresser toute demande de renseignements, requ\u00eate ou plainte concernant la protection ou l&#039;utilisation de vos Renseignements Personnels [&hellip;]\" \/>\n<meta property=\"og:url\" content=\"https:\/\/www.hertzog-associates.com\/fr\/politique-de-renseignements-personnels\/\" \/>\n<meta property=\"og:site_name\" content=\"Hertzog &amp; Associates\" \/>\n<meta property=\"article:modified_time\" content=\"2025-02-20T16:58:38+00:00\" \/>\n<meta name=\"twitter:card\" content=\"summary_large_image\" \/>\n<meta name=\"twitter:label1\" content=\"Dur\u00e9e de lecture estim\u00e9e\" \/>\n\t<meta name=\"twitter:data1\" content=\"2 minutes\" \/>\n<script type=\"application\/ld+json\" class=\"yoast-schema-graph\">{\"@context\":\"https:\\\/\\\/schema.org\",\"@graph\":[{\"@type\":\"WebPage\",\"@id\":\"https:\\\/\\\/www.hertzog-associates.com\\\/fr\\\/politique-de-renseignements-personnels\\\/\",\"url\":\"https:\\\/\\\/www.hertzog-associates.com\\\/fr\\\/politique-de-renseignements-personnels\\\/\",\"name\":\"Politique de renseignements personnels\",\"isPartOf\":{\"@id\":\"https:\\\/\\\/www.hertzog-associates.com\\\/#website\"},\"datePublished\":\"2023-09-22T15:17:05+00:00\",\"dateModified\":\"2025-02-20T16:58:38+00:00\",\"breadcrumb\":{\"@id\":\"https:\\\/\\\/www.hertzog-associates.com\\\/fr\\\/politique-de-renseignements-personnels\\\/#breadcrumb\"},\"inLanguage\":\"fr-FR\",\"potentialAction\":[{\"@type\":\"ReadAction\",\"target\":[\"https:\\\/\\\/www.hertzog-associates.com\\\/fr\\\/politique-de-renseignements-personnels\\\/\"]}]},{\"@type\":\"BreadcrumbList\",\"@id\":\"https:\\\/\\\/www.hertzog-associates.com\\\/fr\\\/politique-de-renseignements-personnels\\\/#breadcrumb\",\"itemListElement\":[{\"@type\":\"ListItem\",\"position\":1,\"name\":\"Accueil\",\"item\":\"https:\\\/\\\/www.hertzog-associates.com\\\/fr\\\/\"},{\"@type\":\"ListItem\",\"position\":2,\"name\":\"Politique de renseignements personnels\"}]},{\"@type\":\"WebSite\",\"@id\":\"https:\\\/\\\/www.hertzog-associates.com\\\/#website\",\"url\":\"https:\\\/\\\/www.hertzog-associates.com\\\/\",\"name\":\"Hertzog &amp; Associates\",\"description\":\"Attorneys\",\"potentialAction\":[{\"@type\":\"SearchAction\",\"target\":{\"@type\":\"EntryPoint\",\"urlTemplate\":\"https:\\\/\\\/www.hertzog-associates.com\\\/?s={search_term_string}\"},\"query-input\":{\"@type\":\"PropertyValueSpecification\",\"valueRequired\":true,\"valueName\":\"search_term_string\"}}],\"inLanguage\":\"fr-FR\"}]}<\/script>\n<!-- \/ Yoast SEO plugin. -->","yoast_head_json":{"title":"Politique de renseignements personnels","robots":{"index":"noindex","follow":"nofollow"},"og_locale":"fr_FR","og_type":"article","og_title":"Politique de renseignements personnels","og_description":"POLITIQUE DE RENSEIGNEMENTS PERSONNELSNotre officier de la protection des Renseignements Personnels, ANIK ISABELLE, est responsable de la protection de tous les Renseignements Personnels que nous recueillons et de l'application de notre politique sur les Renseignements Personnels. Vous pouvez adresser toute demande de renseignements, requ\u00eate ou plainte concernant la protection ou l'utilisation de vos Renseignements Personnels [&hellip;]","og_url":"https:\/\/www.hertzog-associates.com\/fr\/politique-de-renseignements-personnels\/","og_site_name":"Hertzog &amp; Associates","article_modified_time":"2025-02-20T16:58:38+00:00","twitter_card":"summary_large_image","twitter_misc":{"Dur\u00e9e de lecture estim\u00e9e":"2 minutes"},"schema":{"@context":"https:\/\/schema.org","@graph":[{"@type":"WebPage","@id":"https:\/\/www.hertzog-associates.com\/fr\/politique-de-renseignements-personnels\/","url":"https:\/\/www.hertzog-associates.com\/fr\/politique-de-renseignements-personnels\/","name":"Politique de renseignements personnels","isPartOf":{"@id":"https:\/\/www.hertzog-associates.com\/#website"},"datePublished":"2023-09-22T15:17:05+00:00","dateModified":"2025-02-20T16:58:38+00:00","breadcrumb":{"@id":"https:\/\/www.hertzog-associates.com\/fr\/politique-de-renseignements-personnels\/#breadcrumb"},"inLanguage":"fr-FR","potentialAction":[{"@type":"ReadAction","target":["https:\/\/www.hertzog-associates.com\/fr\/politique-de-renseignements-personnels\/"]}]},{"@type":"BreadcrumbList","@id":"https:\/\/www.hertzog-associates.com\/fr\/politique-de-renseignements-personnels\/#breadcrumb","itemListElement":[{"@type":"ListItem","position":1,"name":"Accueil","item":"https:\/\/www.hertzog-associates.com\/fr\/"},{"@type":"ListItem","position":2,"name":"Politique de renseignements personnels"}]},{"@type":"WebSite","@id":"https:\/\/www.hertzog-associates.com\/#website","url":"https:\/\/www.hertzog-associates.com\/","name":"Hertzog &amp; Associates","description":"Attorneys","potentialAction":[{"@type":"SearchAction","target":{"@type":"EntryPoint","urlTemplate":"https:\/\/www.hertzog-associates.com\/?s={search_term_string}"},"query-input":{"@type":"PropertyValueSpecification","valueRequired":true,"valueName":"search_term_string"}}],"inLanguage":"fr-FR"}]}},"_links":{"self":[{"href":"https:\/\/www.hertzog-associates.com\/fr\/wp-json\/wp\/v2\/pages\/491","targetHints":{"allow":["GET"]}}],"collection":[{"href":"https:\/\/www.hertzog-associates.com\/fr\/wp-json\/wp\/v2\/pages"}],"about":[{"href":"https:\/\/www.hertzog-associates.com\/fr\/wp-json\/wp\/v2\/types\/page"}],"author":[{"embeddable":true,"href":"https:\/\/www.hertzog-associates.com\/fr\/wp-json\/wp\/v2\/users\/2"}],"replies":[{"embeddable":true,"href":"https:\/\/www.hertzog-associates.com\/fr\/wp-json\/wp\/v2\/comments?post=491"}],"version-history":[{"count":9,"href":"https:\/\/www.hertzog-associates.com\/fr\/wp-json\/wp\/v2\/pages\/491\/revisions"}],"predecessor-version":[{"id":578,"href":"https:\/\/www.hertzog-associates.com\/fr\/wp-json\/wp\/v2\/pages\/491\/revisions\/578"}],"wp:attachment":[{"href":"https:\/\/www.hertzog-associates.com\/fr\/wp-json\/wp\/v2\/media?parent=491"}],"curies":[{"name":"wp","href":"https:\/\/api.w.org\/{rel}","templated":true}]}}